{"id":303,"date":"2017-08-17T07:33:56","date_gmt":"2017-08-17T07:33:56","guid":{"rendered":"http:\/\/polnadenpl.cluster023.hosting.ovh.net\/?page_id=303"},"modified":"2017-09-21T05:54:30","modified_gmt":"2017-09-21T05:54:30","slug":"protetyka","status":"publish","type":"page","link":"https:\/\/polnadent.pl\/index.php\/home\/zakres-uslug\/protetyka\/","title":{"rendered":"PROTETYKA"},"content":{"rendered":"<table class=\"uslugi\" width=700px align=\"center\">\n<tr bgcolor=\"#ffffff\">\n<td>\n<img loading=\"lazy\" decoding=\"async\" src=\"https:\/\/polnadent.pl\/wp-content\/uploads\/2017\/08\/podstrona_uslugi_05.jpg\" alt=\"\" width=\"288\" height=\"140\" title=\"Dentysta Olsztyn. Stomatolog. Gabinet Stomatologiczny POLNADENT.\" \/><\/p>\n<p><span style=\"font-size: 10pt;\"><strong>W zakresie us\u0142ug oferujemy:<\/strong><br \/><\/span><br \/>\n<span style=\"color: #069c9c;\">\u2022<\/span><span style=\"font-size: 10pt;\"> korony i mosty porcelanowe(na metalu i pe\u0142noceramiczne)<br \/>\n<span style=\"color: #069c9c;\">\u2022<\/span> mosty kompozytowe<br \/>\n<span style=\"color: #069c9c;\">\u2022<\/span> protezy elastyczne:<\/span><br \/>\n<span style=\"color: #069c9c;\">   &#8211;<\/span>nylonowe<\/span><br \/>\n<span style=\"color: #069c9c;\">   &#8211;<\/span>acetalowe<\/span><\/p>\n<p><span style=\"color: #069c9c;\">\u2022<\/span> protezy szkieletowe<br \/>\n<span style=\"color: #069c9c;\">\u2022<\/span> protezy akrylowe<br \/>\n<span style=\"color: #069c9c;\">\u2022<\/span> wk\u0142ady koronowo-korzeniowe<br \/>\n<span style=\"color: #069c9c;\">\u2022<\/span> inlay i onlay<\/p>\n<p><img loading=\"lazy\" decoding=\"async\" src=\"https:\/\/polnadent.pl\/wp-content\/uploads\/2017\/08\/1f-300x300.jpg\" alt=\"\" width=\"300\" height=\"300\" title=\"Dentysta Olsztyn. Stomatolog. Gabinet Stomatologiczny POLNADENT.\" \/><\/p>\n<p>Protetyka stomatologiczna to dzia\u0142 stomatologii po\u015bwi\u0119cony odtwarzaniu warunk\u00f3w zgryzowych po utracie z\u0119b\u00f3w naturalnych. W protetyce wyr\u00f3\u017cniamy uzupe\u0142nienia protetyczne sta\u0142e (nie daj\u0105ce si\u0119 usun\u0105\u0107 z ust), ruchome lub kombinowane (protezy ruchome po\u0142\u0105czone z uzupe\u0142nieniami sta\u0142ymi za pomoc\u0105 zasuw, zatrzask\u00f3w, rygli lub koron teleskopowych). Do uzupe\u0142nie\u0144 protetycznych ruchomych zalicza si\u0119 m.in. protezy akrylowe, protezy szkieletowe (na podbudowie metalowej), protezy nylonowe lub acetalowe, a do sta\u0142ych wszelkie uzupe\u0142nienia ceramiczne \u2013 korony i mosty (porcelana na podbudowie metalowej lub bezmetalowej \u2013 bardziej estetyczne).<\/p>\n<p><img loading=\"lazy\" decoding=\"async\" src=\"https:\/\/polnadent.pl\/wp-content\/uploads\/2017\/08\/2c-300x300.jpg\" alt=\"\" width=\"300\" height=\"300\" title=\"Dentysta Olsztyn. Stomatolog. Gabinet Stomatologiczny POLNADENT.\" \/><\/p>\n<p>Nowoczesna protetyka stomatologiczna daje nam mo\u017cliwo\u015bci i r\u00f3\u017cne skuteczne rozwi\u0105zania zdobycia pi\u0119knego u\u015bmiechu. Statystyki podaj\u0105, \u017ce przeci\u0119tny doros\u0142y ma niekompletne uz\u0119bienie. Brak jednego z\u0119ba, czy kilku stanowi powa\u017cny problem estetyczny (nie mo\u017cna bez skr\u0119powania si\u0119 u\u015bmiecha\u0107 i rozmawia\u0107) oraz medyczny. Ubytki uz\u0119bienia powoduj\u0105, \u017ce pozosta\u0142e z\u0119by s\u0105 bardziej obci\u0105\u017cone, przesuwaj\u0105 si\u0119 i pochylaj\u0105 powoduj\u0105c napr\u0119\u017cenia i zmiany w rozk\u0142adaj\u0105cych si\u0119 si\u0142ach \u017cucia. Z up\u0142ywem czasu braki w uz\u0119bieniu zak\u0142\u00f3caj\u0105 funkcje \u017cucia, powoduj\u0105c zmiany patologiczne w stawach skroniowo-\u017cuchwowych.<\/p>\n<p><img loading=\"lazy\" decoding=\"async\" src=\"https:\/\/polnadent.pl\/wp-content\/uploads\/2017\/08\/2e-300x300.jpg\" alt=\"\" width=\"300\" height=\"300\" title=\"Dentysta Olsztyn. Stomatolog. Gabinet Stomatologiczny POLNADENT.\" \/><\/p>\n<p><img loading=\"lazy\" decoding=\"async\" src=\"https:\/\/polnadent.pl\/wp-content\/uploads\/2017\/08\/3h-300x300.jpg\" alt=\"\" width=\"300\" height=\"300\" title=\"Dentysta Olsztyn. Stomatolog. Gabinet Stomatologiczny POLNADENT.\" \/><\/p>\n<p><img loading=\"lazy\" decoding=\"async\" src=\"https:\/\/polnadent.pl\/wp-content\/uploads\/2017\/08\/4b-300x300.jpg\" alt=\"\" width=\"300\" height=\"300\" title=\"Dentysta Olsztyn. Stomatolog. Gabinet Stomatologiczny POLNADENT.\" \/><\/p>\n<p><img loading=\"lazy\" decoding=\"async\" src=\"https:\/\/polnadent.pl\/wp-content\/uploads\/2017\/08\/8i-300x300.jpg\" alt=\"\" width=\"300\" height=\"300\" title=\"Dentysta Olsztyn. Stomatolog. Gabinet Stomatologiczny POLNADENT.\" \/><\/p>\n<\/td>\n<\/tr>\n<\/table>\n","protected":false},"excerpt":{"rendered":"<p>W zakresie us\u0142ug oferujemy: \u2022 korony i mosty porcelanowe(na metalu i pe\u0142noceramiczne) \u2022 mosty kompozytowe \u2022 protezy elastyczne: &#8211;nylonowe &#8211;acetalowe \u2022 protezy szkieletowe \u2022 protezy akrylowe \u2022 wk\u0142ady koronowo-korzeniowe \u2022 inlay i onlay Protetyka stomatologiczna to dzia\u0142 stomatologii po\u015bwi\u0119cony odtwarzaniu &hellip; <a href=\"https:\/\/polnadent.pl\/index.php\/home\/zakres-uslug\/protetyka\/\">Read More<\/a><\/p>\n","protected":false},"author":1,"featured_media":0,"parent":44,"menu_order":0,"comment_status":"closed","ping_status":"closed","template":"template-blog.php","meta":{"footnotes":""},"aioseo_notices":[],"_links":{"self":[{"href":"https:\/\/polnadent.pl\/index.php\/wp-json\/wp\/v2\/pages\/303"}],"collection":[{"href":"https:\/\/polnadent.pl\/index.php\/wp-json\/wp\/v2\/pages"}],"about":[{"href":"https:\/\/polnadent.pl\/index.php\/wp-json\/wp\/v2\/types\/page"}],"author":[{"embeddable":true,"href":"https:\/\/polnadent.pl\/index.php\/wp-json\/wp\/v2\/users\/1"}],"replies":[{"embeddable":true,"href":"https:\/\/polnadent.pl\/index.php\/wp-json\/wp\/v2\/comments?post=303"}],"version-history":[{"count":6,"href":"https:\/\/polnadent.pl\/index.php\/wp-json\/wp\/v2\/pages\/303\/revisions"}],"predecessor-version":[{"id":594,"href":"https:\/\/polnadent.pl\/index.php\/wp-json\/wp\/v2\/pages\/303\/revisions\/594"}],"up":[{"embeddable":true,"href":"https:\/\/polnadent.pl\/index.php\/wp-json\/wp\/v2\/pages\/44"}],"wp:attachment":[{"href":"https:\/\/polnadent.pl\/index.php\/wp-json\/wp\/v2\/media?parent=303"}],"curies":[{"name":"wp","href":"https:\/\/api.w.org\/{rel}","templated":true}]}}