{"id":49,"date":"2017-08-15T09:07:16","date_gmt":"2017-08-15T09:07:16","guid":{"rendered":"http:\/\/localhost\/wordpress\/?page_id=49"},"modified":"2017-09-06T13:57:29","modified_gmt":"2017-09-06T13:57:29","slug":"galeria","status":"publish","type":"page","link":"https:\/\/polnadent.pl\/index.php\/home\/galeria\/","title":{"rendered":"GALERIA"},"content":{"rendered":"<style type=\"text\/css\">\r\n\t#foogallery-gallery-191 .fg-image {\r\n        width: 330px;\r\n    }\r\n<\/style>\r\n\t\t\t\t<div class=\"foogallery foogallery-container foogallery-default foogallery-lightbox-foobox fg-gutter-10 fg-center fg-default fg-light fg-border-thin fg-shadow-small fg-loading-default fg-loaded-fade-in fg-hover-fade fg-hover-zoom fg-ready\" id=\"foogallery-gallery-191\" data-foogallery=\"{&quot;item&quot;:{&quot;showCaptionTitle&quot;:true,&quot;showCaptionDescription&quot;:false},&quot;lazy&quot;:true}\" >\r\n\t<div class=\"fg-item fg-type-image fg-idle\"><figure class=\"fg-item-inner\"><a href=\"https:\/\/polnadent.pl\/wp-content\/uploads\/2017\/08\/IMG_20171009_220837.jpg\" data-attachment-id=\"847\" data-type=\"image\" class=\"fg-thumb\"><span class=\"fg-image-wrap\"><img fetchpriority=\"high\" decoding=\"async\" width=\"330\" height=\"250\" class=\"skip-lazy fg-image\" data-src-fg=\"https:\/\/polnadent.pl\/wp-content\/uploads\/cache\/2017\/08\/IMG_20171009_220837\/778463804.jpg\" src=\"data:image\/svg+xml,%3Csvg%20xmlns%3D%22http%3A%2F%2Fwww.w3.org%2F2000%2Fsvg%22%20width%3D%22330%22%20height%3D%22250%22%20viewBox%3D%220%200%20330%20250%22%3E%3C%2Fsvg%3E\" loading=\"eager\"><\/span><span class=\"fg-image-overlay\"><\/span><\/a><figcaption class=\"fg-caption\"><div class=\"fg-caption-inner\"><\/div><\/figcaption><\/figure><div class=\"fg-loader\"><\/div><\/div><div class=\"fg-item fg-type-image fg-idle\"><figure class=\"fg-item-inner\"><a href=\"https:\/\/polnadent.pl\/wp-content\/uploads\/2017\/08\/IMG_20171009_215907.jpg\" data-caption-title=\"cof\" data-attachment-id=\"846\" data-type=\"image\" class=\"fg-thumb\"><span class=\"fg-image-wrap\"><img decoding=\"async\" title=\"cof\" width=\"330\" height=\"250\" class=\"skip-lazy fg-image\" data-src-fg=\"https:\/\/polnadent.pl\/wp-content\/uploads\/cache\/2017\/08\/IMG_20171009_215907\/242882521.jpg\" src=\"data:image\/svg+xml,%3Csvg%20xmlns%3D%22http%3A%2F%2Fwww.w3.org%2F2000%2Fsvg%22%20width%3D%22330%22%20height%3D%22250%22%20viewBox%3D%220%200%20330%20250%22%3E%3C%2Fsvg%3E\" loading=\"eager\"><\/span><span class=\"fg-image-overlay\"><\/span><\/a><figcaption class=\"fg-caption\"><div class=\"fg-caption-inner\"><div class=\"fg-caption-title\">cof<\/div><\/div><\/figcaption><\/figure><div class=\"fg-loader\"><\/div><\/div><div class=\"fg-item fg-type-image fg-idle\"><figure class=\"fg-item-inner\"><a href=\"https:\/\/polnadent.pl\/wp-content\/uploads\/2017\/08\/IMG_20171009_215422.jpg\" data-caption-title=\"cof\" data-attachment-id=\"845\" data-type=\"image\" class=\"fg-thumb\"><span class=\"fg-image-wrap\"><img decoding=\"async\" title=\"cof\" width=\"330\" height=\"250\" class=\"skip-lazy fg-image\" data-src-fg=\"https:\/\/polnadent.pl\/wp-content\/uploads\/cache\/2017\/08\/IMG_20171009_215422\/1464680766.jpg\" src=\"data:image\/svg+xml,%3Csvg%20xmlns%3D%22http%3A%2F%2Fwww.w3.org%2F2000%2Fsvg%22%20width%3D%22330%22%20height%3D%22250%22%20viewBox%3D%220%200%20330%20250%22%3E%3C%2Fsvg%3E\" loading=\"eager\"><\/span><span class=\"fg-image-overlay\"><\/span><\/a><figcaption class=\"fg-caption\"><div class=\"fg-caption-inner\"><div class=\"fg-caption-title\">cof<\/div><\/div><\/figcaption><\/figure><div class=\"fg-loader\"><\/div><\/div><div class=\"fg-item fg-type-image fg-idle\"><figure class=\"fg-item-inner\"><a href=\"https:\/\/polnadent.pl\/wp-content\/uploads\/2017\/08\/IMG_20171009_100435.jpg\" data-caption-title=\"cof\" data-attachment-id=\"844\" data-type=\"image\" class=\"fg-thumb\"><span class=\"fg-image-wrap\"><img decoding=\"async\" title=\"cof\" width=\"330\" height=\"250\" class=\"skip-lazy fg-image\" data-src-fg=\"https:\/\/polnadent.pl\/wp-content\/uploads\/cache\/2017\/08\/IMG_20171009_100435\/-313424853.jpg\" src=\"data:image\/svg+xml,%3Csvg%20xmlns%3D%22http%3A%2F%2Fwww.w3.org%2F2000%2Fsvg%22%20width%3D%22330%22%20height%3D%22250%22%20viewBox%3D%220%200%20330%20250%22%3E%3C%2Fsvg%3E\" loading=\"eager\"><\/span><span class=\"fg-image-overlay\"><\/span><\/a><figcaption class=\"fg-caption\"><div class=\"fg-caption-inner\"><div class=\"fg-caption-title\">cof<\/div><\/div><\/figcaption><\/figure><div class=\"fg-loader\"><\/div><\/div><div class=\"fg-item fg-type-image fg-idle\"><figure class=\"fg-item-inner\"><a href=\"https:\/\/polnadent.pl\/wp-content\/uploads\/2017\/08\/IMG_20171009_095814.jpg\" data-caption-title=\"cof\" data-attachment-id=\"843\" data-type=\"image\" class=\"fg-thumb\"><span class=\"fg-image-wrap\"><img decoding=\"async\" title=\"cof\" width=\"330\" height=\"250\" class=\"skip-lazy fg-image\" data-src-fg=\"https:\/\/polnadent.pl\/wp-content\/uploads\/cache\/2017\/08\/IMG_20171009_095814\/-1710381460.jpg\" src=\"data:image\/svg+xml,%3Csvg%20xmlns%3D%22http%3A%2F%2Fwww.w3.org%2F2000%2Fsvg%22%20width%3D%22330%22%20height%3D%22250%22%20viewBox%3D%220%200%20330%20250%22%3E%3C%2Fsvg%3E\" loading=\"eager\"><\/span><span class=\"fg-image-overlay\"><\/span><\/a><figcaption class=\"fg-caption\"><div class=\"fg-caption-inner\"><div class=\"fg-caption-title\">cof<\/div><\/div><\/figcaption><\/figure><div class=\"fg-loader\"><\/div><\/div><div class=\"fg-item fg-type-image fg-idle\"><figure class=\"fg-item-inner\"><a href=\"https:\/\/polnadent.pl\/wp-content\/uploads\/2017\/08\/IMG_20171009_095553.jpg\" data-caption-title=\"cof\" data-attachment-id=\"842\" data-type=\"image\" class=\"fg-thumb\"><span class=\"fg-image-wrap\"><img decoding=\"async\" title=\"cof\" width=\"330\" height=\"250\" class=\"skip-lazy fg-image\" data-src-fg=\"https:\/\/polnadent.pl\/wp-content\/uploads\/cache\/2017\/08\/IMG_20171009_095553\/-935321243.jpg\" src=\"data:image\/svg+xml,%3Csvg%20xmlns%3D%22http%3A%2F%2Fwww.w3.org%2F2000%2Fsvg%22%20width%3D%22330%22%20height%3D%22250%22%20viewBox%3D%220%200%20330%20250%22%3E%3C%2Fsvg%3E\" loading=\"eager\"><\/span><span class=\"fg-image-overlay\"><\/span><\/a><figcaption class=\"fg-caption\"><div class=\"fg-caption-inner\"><div class=\"fg-caption-title\">cof<\/div><\/div><\/figcaption><\/figure><div class=\"fg-loader\"><\/div><\/div><div class=\"fg-item fg-type-image fg-idle\"><figure class=\"fg-item-inner\"><a href=\"https:\/\/polnadent.pl\/wp-content\/uploads\/2017\/08\/IMG_20171009_094914.jpg\" data-attachment-id=\"841\" data-type=\"image\" class=\"fg-thumb\"><span class=\"fg-image-wrap\"><img decoding=\"async\" width=\"330\" height=\"250\" class=\"skip-lazy fg-image\" data-src-fg=\"https:\/\/polnadent.pl\/wp-content\/uploads\/cache\/2017\/08\/IMG_20171009_094914\/-1912291957.jpg\" src=\"data:image\/svg+xml,%3Csvg%20xmlns%3D%22http%3A%2F%2Fwww.w3.org%2F2000%2Fsvg%22%20width%3D%22330%22%20height%3D%22250%22%20viewBox%3D%220%200%20330%20250%22%3E%3C%2Fsvg%3E\" loading=\"eager\"><\/span><span class=\"fg-image-overlay\"><\/span><\/a><figcaption class=\"fg-caption\"><div class=\"fg-caption-inner\"><\/div><\/figcaption><\/figure><div class=\"fg-loader\"><\/div><\/div><div class=\"fg-item fg-type-image fg-idle\"><figure class=\"fg-item-inner\"><a href=\"https:\/\/polnadent.pl\/wp-content\/uploads\/2017\/08\/23275611_1560850360628043_5280789529657157023_o.jpg\" data-attachment-id=\"840\" data-type=\"image\" class=\"fg-thumb\"><span class=\"fg-image-wrap\"><img decoding=\"async\" width=\"330\" height=\"250\" class=\"skip-lazy fg-image\" data-src-fg=\"https:\/\/polnadent.pl\/wp-content\/uploads\/cache\/2017\/08\/23275611_1560850360628043_5280789529657157023_o\/1329926255.jpg\" src=\"data:image\/svg+xml,%3Csvg%20xmlns%3D%22http%3A%2F%2Fwww.w3.org%2F2000%2Fsvg%22%20width%3D%22330%22%20height%3D%22250%22%20viewBox%3D%220%200%20330%20250%22%3E%3C%2Fsvg%3E\" loading=\"eager\"><\/span><span class=\"fg-image-overlay\"><\/span><\/a><figcaption class=\"fg-caption\"><div class=\"fg-caption-inner\"><\/div><\/figcaption><\/figure><div class=\"fg-loader\"><\/div><\/div><div class=\"fg-item fg-type-image fg-idle\"><figure class=\"fg-item-inner\"><a href=\"https:\/\/polnadent.pl\/wp-content\/uploads\/2017\/08\/23213449_1560850420628037_6792267733591919622_o.jpg\" data-attachment-id=\"839\" data-type=\"image\" class=\"fg-thumb\"><span class=\"fg-image-wrap\"><img decoding=\"async\" width=\"330\" height=\"250\" class=\"skip-lazy fg-image\" data-src-fg=\"https:\/\/polnadent.pl\/wp-content\/uploads\/cache\/2017\/08\/23213449_1560850420628037_6792267733591919622_o\/1518493432.jpg\" src=\"data:image\/svg+xml,%3Csvg%20xmlns%3D%22http%3A%2F%2Fwww.w3.org%2F2000%2Fsvg%22%20width%3D%22330%22%20height%3D%22250%22%20viewBox%3D%220%200%20330%20250%22%3E%3C%2Fsvg%3E\" loading=\"eager\"><\/span><span class=\"fg-image-overlay\"><\/span><\/a><figcaption class=\"fg-caption\"><div class=\"fg-caption-inner\"><\/div><\/figcaption><\/figure><div class=\"fg-loader\"><\/div><\/div><div class=\"fg-item fg-type-image fg-idle\"><figure class=\"fg-item-inner\"><a href=\"https:\/\/polnadent.pl\/wp-content\/uploads\/2017\/08\/23155176_1560850137294732_7697359540746591756_o.jpg\" data-attachment-id=\"838\" data-type=\"image\" class=\"fg-thumb\"><span class=\"fg-image-wrap\"><img decoding=\"async\" width=\"330\" height=\"250\" class=\"skip-lazy fg-image\" data-src-fg=\"https:\/\/polnadent.pl\/wp-content\/uploads\/cache\/2017\/08\/23155176_1560850137294732_7697359540746591756_o\/1226724743.jpg\" src=\"data:image\/svg+xml,%3Csvg%20xmlns%3D%22http%3A%2F%2Fwww.w3.org%2F2000%2Fsvg%22%20width%3D%22330%22%20height%3D%22250%22%20viewBox%3D%220%200%20330%20250%22%3E%3C%2Fsvg%3E\" loading=\"eager\"><\/span><span class=\"fg-image-overlay\"><\/span><\/a><figcaption class=\"fg-caption\"><div class=\"fg-caption-inner\"><\/div><\/figcaption><\/figure><div class=\"fg-loader\"><\/div><\/div><div class=\"fg-item fg-type-image fg-idle\"><figure class=\"fg-item-inner\"><a href=\"https:\/\/polnadent.pl\/wp-content\/uploads\/2017\/08\/2-1.jpg\" data-caption-title=\"Gabinet Stomatologiczny POLNADENT Katarzyna \u017b\u00f3\u0142kiewicz-Kaba\u0107 Zapraszam. Dentysta Olsztyn. Stomatolog Olsztyn dobry dentysta Pracownia Stomatologiczna Ul. Polna 14\/1\" data-caption-desc=\"Gabinet Stomatologiczny POLNADENT Katarzyna \u017b\u00f3\u0142kiewicz-Kaba\u0107 Zapraszam. Dentysta Olsztyn. Stomatolog Olsztyn dobry dentysta Pracownia Stomatologiczna Ul. Polna 14\/1\" data-attachment-id=\"768\" data-type=\"image\" class=\"fg-thumb\"><span class=\"fg-image-wrap\"><img decoding=\"async\" alt=\"Gabinet Stomatologiczny POLNADENT Katarzyna \u017b\u00f3\u0142kiewicz-Kaba\u0107 Zapraszam. Dentysta Olsztyn. Stomatolog Olsztyn dobry dentysta Pracownia Stomatologiczna Ul. Polna 14\/1\" title=\"Gabinet Stomatologiczny POLNADENT Katarzyna \u017b\u00f3\u0142kiewicz-Kaba\u0107 Zapraszam. Dentysta Olsztyn. Stomatolog Olsztyn dobry dentysta Pracownia Stomatologiczna Ul. Polna 14\/1\" width=\"330\" height=\"250\" class=\"skip-lazy fg-image\" data-src-fg=\"https:\/\/polnadent.pl\/wp-content\/uploads\/cache\/2017\/08\/2-1\/-745789974.jpg\" src=\"data:image\/svg+xml,%3Csvg%20xmlns%3D%22http%3A%2F%2Fwww.w3.org%2F2000%2Fsvg%22%20width%3D%22330%22%20height%3D%22250%22%20viewBox%3D%220%200%20330%20250%22%3E%3C%2Fsvg%3E\" loading=\"eager\"><\/span><span class=\"fg-image-overlay\"><\/span><\/a><figcaption class=\"fg-caption\"><div class=\"fg-caption-inner\"><div class=\"fg-caption-title\">Gabinet Stomatologiczny POLNADENT Katarzyna \u017b\u00f3\u0142kiewicz-Kaba\u0107 Zapraszam. Dentysta Olsztyn. Stomatolog Olsztyn dobry dentysta Pracownia Stomatologiczna Ul. Polna 14\/1<\/div><\/div><\/figcaption><\/figure><div class=\"fg-loader\"><\/div><\/div><div class=\"fg-item fg-type-image fg-idle\"><figure class=\"fg-item-inner\"><a href=\"https:\/\/polnadent.pl\/wp-content\/uploads\/2017\/08\/3-1.jpg\" data-caption-title=\"Gabinet Stomatologiczny POLNADENT Katarzyna \u017b\u00f3\u0142kiewicz-Kaba\u0107 Zapraszam. Dentysta Olsztyn. Stomatolog Olsztyn dobry dentysta Pracownia Stomatologiczna Ul. Polna 14\/1\" data-caption-desc=\"Gabinet Stomatologiczny POLNADENT Katarzyna \u017b\u00f3\u0142kiewicz-Kaba\u0107 Zapraszam. Dentysta Olsztyn. Stomatolog Olsztyn dobry dentysta Pracownia Stomatologiczna Ul. Polna 14\/1\" data-attachment-id=\"769\" data-type=\"image\" class=\"fg-thumb\"><span class=\"fg-image-wrap\"><img decoding=\"async\" alt=\"Gabinet Stomatologiczny POLNADENT Katarzyna \u017b\u00f3\u0142kiewicz-Kaba\u0107 Zapraszam. Dentysta Olsztyn. Stomatolog Olsztyn dobry dentysta Pracownia Stomatologiczna Ul. Polna 14\/1\" title=\"Gabinet Stomatologiczny POLNADENT Katarzyna \u017b\u00f3\u0142kiewicz-Kaba\u0107 Zapraszam. Dentysta Olsztyn. Stomatolog Olsztyn dobry dentysta Pracownia Stomatologiczna Ul. Polna 14\/1\" width=\"330\" height=\"250\" class=\"skip-lazy fg-image\" data-src-fg=\"https:\/\/polnadent.pl\/wp-content\/uploads\/cache\/2017\/08\/3-1\/554926224.jpg\" src=\"data:image\/svg+xml,%3Csvg%20xmlns%3D%22http%3A%2F%2Fwww.w3.org%2F2000%2Fsvg%22%20width%3D%22330%22%20height%3D%22250%22%20viewBox%3D%220%200%20330%20250%22%3E%3C%2Fsvg%3E\" loading=\"eager\"><\/span><span class=\"fg-image-overlay\"><\/span><\/a><figcaption class=\"fg-caption\"><div class=\"fg-caption-inner\"><div class=\"fg-caption-title\">Gabinet Stomatologiczny POLNADENT Katarzyna \u017b\u00f3\u0142kiewicz-Kaba\u0107 Zapraszam. Dentysta Olsztyn. Stomatolog Olsztyn dobry dentysta Pracownia Stomatologiczna Ul. Polna 14\/1<\/div><\/div><\/figcaption><\/figure><div class=\"fg-loader\"><\/div><\/div><div class=\"fg-item fg-type-image fg-idle\"><figure class=\"fg-item-inner\"><a href=\"https:\/\/polnadent.pl\/wp-content\/uploads\/2017\/08\/1-3.jpg\" data-caption-title=\"Gabinet Stomatologiczny POLNADENT Katarzyna \u017b\u00f3\u0142kiewicz-Kaba\u0107 Zapraszam. Dentysta Olsztyn. Stomatolog Olsztyn dobry dentysta Pracownia Stomatologiczna Ul. Polna 14\/1\" data-caption-desc=\"Gabinet Stomatologiczny POLNADENT Katarzyna \u017b\u00f3\u0142kiewicz-Kaba\u0107 Zapraszam. Dentysta Olsztyn. Stomatolog Olsztyn dobry dentysta Pracownia Stomatologiczna Ul. Polna 14\/1\" data-attachment-id=\"767\" data-type=\"image\" class=\"fg-thumb\"><span class=\"fg-image-wrap\"><img decoding=\"async\" alt=\"Gabinet Stomatologiczny POLNADENT Katarzyna \u017b\u00f3\u0142kiewicz-Kaba\u0107 Zapraszam. Dentysta Olsztyn. Stomatolog Olsztyn dobry dentysta Pracownia Stomatologiczna Ul. Polna 14\/1\" title=\"Gabinet Stomatologiczny POLNADENT Katarzyna \u017b\u00f3\u0142kiewicz-Kaba\u0107 Zapraszam. Dentysta Olsztyn. Stomatolog Olsztyn dobry dentysta Pracownia Stomatologiczna Ul. Polna 14\/1\" width=\"330\" height=\"250\" class=\"skip-lazy fg-image\" data-src-fg=\"https:\/\/polnadent.pl\/wp-content\/uploads\/cache\/2017\/08\/1-3\/-1025408920.jpg\" src=\"data:image\/svg+xml,%3Csvg%20xmlns%3D%22http%3A%2F%2Fwww.w3.org%2F2000%2Fsvg%22%20width%3D%22330%22%20height%3D%22250%22%20viewBox%3D%220%200%20330%20250%22%3E%3C%2Fsvg%3E\" loading=\"eager\"><\/span><span class=\"fg-image-overlay\"><\/span><\/a><figcaption class=\"fg-caption\"><div class=\"fg-caption-inner\"><div class=\"fg-caption-title\">Gabinet Stomatologiczny POLNADENT Katarzyna \u017b\u00f3\u0142kiewicz-Kaba\u0107 Zapraszam. Dentysta Olsztyn. Stomatolog Olsztyn dobry dentysta Pracownia Stomatologiczna Ul. Polna 14\/1<\/div><\/div><\/figcaption><\/figure><div class=\"fg-loader\"><\/div><\/div><div class=\"fg-item fg-type-image fg-idle\"><figure class=\"fg-item-inner\"><a href=\"https:\/\/polnadent.pl\/wp-content\/uploads\/2017\/08\/4.jpg\" data-caption-title=\"Gabinet Stomatologiczny POLNADENT Katarzyna \u017b\u00f3\u0142kiewicz-Kaba\u0107 Zapraszam. Dentysta Olsztyn. Pracownia Stomatologiczna Ul. Polna 14\/1\" data-caption-desc=\"Gabinet Stomatologiczny POLNADENT Katarzyna \u017b\u00f3\u0142kiewicz-Kaba\u0107 Zapraszam. Dentysta Olsztyn. Pracownia Stomatologiczna Ul. Polna 14\/1\" data-attachment-id=\"144\" data-type=\"image\" class=\"fg-thumb\"><span class=\"fg-image-wrap\"><img decoding=\"async\" alt=\"Katarzyna \u017b\u00f3\u0142kiewicz-Kaba\u0107\" title=\"Gabinet Stomatologiczny POLNADENT Katarzyna \u017b\u00f3\u0142kiewicz-Kaba\u0107 Zapraszam. Dentysta Olsztyn. Pracownia Stomatologiczna Ul. Polna 14\/1\" width=\"330\" height=\"250\" class=\"skip-lazy fg-image\" data-src-fg=\"https:\/\/polnadent.pl\/wp-content\/uploads\/cache\/2017\/08\/4\/1278580414.jpg\" src=\"data:image\/svg+xml,%3Csvg%20xmlns%3D%22http%3A%2F%2Fwww.w3.org%2F2000%2Fsvg%22%20width%3D%22330%22%20height%3D%22250%22%20viewBox%3D%220%200%20330%20250%22%3E%3C%2Fsvg%3E\" loading=\"eager\"><\/span><span class=\"fg-image-overlay\"><\/span><\/a><figcaption class=\"fg-caption\"><div class=\"fg-caption-inner\"><div class=\"fg-caption-title\">Gabinet Stomatologiczny POLNADENT Katarzyna \u017b\u00f3\u0142kiewicz-Kaba\u0107 Zapraszam. Dentysta Olsztyn. Pracownia Stomatologiczna Ul. Polna 14\/1<\/div><\/div><\/figcaption><\/figure><div class=\"fg-loader\"><\/div><\/div><div class=\"fg-item fg-type-image fg-idle\"><figure class=\"fg-item-inner\"><a href=\"https:\/\/polnadent.pl\/wp-content\/uploads\/2017\/08\/5.jpg\" data-caption-title=\"Gabinet Stomatologiczny POLNADENT Katarzyna \u017b\u00f3\u0142kiewicz-Kaba\u0107 Zapraszam. Dentysta Olsztyn. Pracownia Stomatologiczna Ul. Polna 14\/1\" data-caption-desc=\"Gabinet Stomatologiczny POLNADENT Katarzyna \u017b\u00f3\u0142kiewicz-Kaba\u0107 Zapraszam. Dentysta Olsztyn. Pracownia Stomatologiczna Ul. Polna 14\/1\" data-attachment-id=\"98\" data-type=\"image\" class=\"fg-thumb\"><span class=\"fg-image-wrap\"><img decoding=\"async\" alt=\"Pi\u0119kny U\u015bmiech Dentysta\" title=\"Gabinet Stomatologiczny POLNADENT Katarzyna \u017b\u00f3\u0142kiewicz-Kaba\u0107 Zapraszam. Dentysta Olsztyn. Pracownia Stomatologiczna Ul. Polna 14\/1\" width=\"330\" height=\"250\" class=\"skip-lazy fg-image\" data-src-fg=\"https:\/\/polnadent.pl\/wp-content\/uploads\/cache\/2017\/08\/5\/-1105119130.jpg\" src=\"data:image\/svg+xml,%3Csvg%20xmlns%3D%22http%3A%2F%2Fwww.w3.org%2F2000%2Fsvg%22%20width%3D%22330%22%20height%3D%22250%22%20viewBox%3D%220%200%20330%20250%22%3E%3C%2Fsvg%3E\" loading=\"eager\"><\/span><span class=\"fg-image-overlay\"><\/span><\/a><figcaption class=\"fg-caption\"><div class=\"fg-caption-inner\"><div class=\"fg-caption-title\">Gabinet Stomatologiczny POLNADENT Katarzyna \u017b\u00f3\u0142kiewicz-Kaba\u0107 Zapraszam. Dentysta Olsztyn. Pracownia Stomatologiczna Ul. Polna 14\/1<\/div><\/div><\/figcaption><\/figure><div class=\"fg-loader\"><\/div><\/div><div class=\"fg-item fg-type-image fg-idle\"><figure class=\"fg-item-inner\"><a href=\"https:\/\/polnadent.pl\/wp-content\/uploads\/2017\/08\/3.jpg\" data-caption-title=\"Gabinet Stomatologiczny POLNADENT Katarzyna \u017b\u00f3\u0142kiewicz-Kaba\u0107 Zapraszam. Dentysta Olsztyn. Pracownia Stomatologiczna Ul. Polna 14\/1\" data-caption-desc=\"Gabinet Stomatologiczny POLNADENT Katarzyna \u017b\u00f3\u0142kiewicz-Kaba\u0107 Zapraszam. Dentysta Olsztyn. Pracownia Stomatologiczna Ul. Polna 14\/1\" data-attachment-id=\"143\" data-type=\"image\" class=\"fg-thumb\"><span class=\"fg-image-wrap\"><img decoding=\"async\" alt=\"Gabinet Stomatologiczny POLNADENT Katarzyna \u017b\u00f3\u0142kiewicz-Kaba\u0107 Zapraszam. Dentysta Olsztyn. Pracownia Stomatologiczna Ul. Polna 14\/1\" title=\"Gabinet Stomatologiczny POLNADENT Katarzyna \u017b\u00f3\u0142kiewicz-Kaba\u0107 Zapraszam. Dentysta Olsztyn. Pracownia Stomatologiczna Ul. Polna 14\/1\" width=\"330\" height=\"250\" class=\"skip-lazy fg-image\" data-src-fg=\"https:\/\/polnadent.pl\/wp-content\/uploads\/cache\/2017\/08\/3\/1992639291.jpg\" src=\"data:image\/svg+xml,%3Csvg%20xmlns%3D%22http%3A%2F%2Fwww.w3.org%2F2000%2Fsvg%22%20width%3D%22330%22%20height%3D%22250%22%20viewBox%3D%220%200%20330%20250%22%3E%3C%2Fsvg%3E\" loading=\"eager\"><\/span><span class=\"fg-image-overlay\"><\/span><\/a><figcaption class=\"fg-caption\"><div class=\"fg-caption-inner\"><div class=\"fg-caption-title\">Gabinet Stomatologiczny POLNADENT Katarzyna \u017b\u00f3\u0142kiewicz-Kaba\u0107 Zapraszam. Dentysta Olsztyn. Pracownia Stomatologiczna Ul. Polna 14\/1<\/div><\/div><\/figcaption><\/figure><div class=\"fg-loader\"><\/div><\/div><div class=\"fg-item fg-type-image fg-idle\"><figure class=\"fg-item-inner\"><a href=\"https:\/\/polnadent.pl\/wp-content\/uploads\/2017\/08\/6.jpg\" data-caption-title=\"Gabinet Stomatologiczny POLNADENT Katarzyna \u017b\u00f3\u0142kiewicz-Kaba\u0107 Zapraszam. Dentysta Olsztyn. Pracownia Stomatologiczna Ul. Polna 14\/1\" data-caption-desc=\"Gabinet Stomatologiczny POLNADENT Katarzyna \u017b\u00f3\u0142kiewicz-Kaba\u0107 Zapraszam. Dentysta Olsztyn. Pracownia Stomatologiczna Ul. Polna 14\/1\" data-attachment-id=\"97\" data-type=\"image\" class=\"fg-thumb\"><span class=\"fg-image-wrap\"><img decoding=\"async\" alt=\"Gabinet Stomatologiczny POLNADENT Katarzyna \u017b\u00f3\u0142kiewicz-Kaba\u0107 Zapraszam. Dentysta Olsztyn. Pracownia Stomatologiczna Ul. Polna 14\/1\" title=\"Gabinet Stomatologiczny POLNADENT Katarzyna \u017b\u00f3\u0142kiewicz-Kaba\u0107 Zapraszam. Dentysta Olsztyn. Pracownia Stomatologiczna Ul. Polna 14\/1\" width=\"330\" height=\"250\" class=\"skip-lazy fg-image\" data-src-fg=\"https:\/\/polnadent.pl\/wp-content\/uploads\/cache\/2017\/08\/6\/1537388345.jpg\" src=\"data:image\/svg+xml,%3Csvg%20xmlns%3D%22http%3A%2F%2Fwww.w3.org%2F2000%2Fsvg%22%20width%3D%22330%22%20height%3D%22250%22%20viewBox%3D%220%200%20330%20250%22%3E%3C%2Fsvg%3E\" loading=\"eager\"><\/span><span class=\"fg-image-overlay\"><\/span><\/a><figcaption class=\"fg-caption\"><div class=\"fg-caption-inner\"><div class=\"fg-caption-title\">Gabinet Stomatologiczny POLNADENT Katarzyna \u017b\u00f3\u0142kiewicz-Kaba\u0107 Zapraszam. Dentysta Olsztyn. Pracownia Stomatologiczna Ul. Polna 14\/1<\/div><\/div><\/figcaption><\/figure><div class=\"fg-loader\"><\/div><\/div><\/div>\r\n\n","protected":false},"excerpt":{"rendered":"","protected":false},"author":1,"featured_media":34,"parent":5,"menu_order":0,"comment_status":"closed","ping_status":"closed","template":"template-blog.php","meta":{"footnotes":""},"aioseo_notices":[],"_links":{"self":[{"href":"https:\/\/polnadent.pl\/index.php\/wp-json\/wp\/v2\/pages\/49"}],"collection":[{"href":"https:\/\/polnadent.pl\/index.php\/wp-json\/wp\/v2\/pages"}],"about":[{"href":"https:\/\/polnadent.pl\/index.php\/wp-json\/wp\/v2\/types\/page"}],"author":[{"embeddable":true,"href":"https:\/\/polnadent.pl\/index.php\/wp-json\/wp\/v2\/users\/1"}],"replies":[{"embeddable":true,"href":"https:\/\/polnadent.pl\/index.php\/wp-json\/wp\/v2\/comments?post=49"}],"version-history":[{"count":2,"href":"https:\/\/polnadent.pl\/index.php\/wp-json\/wp\/v2\/pages\/49\/revisions"}],"predecessor-version":[{"id":321,"href":"https:\/\/polnadent.pl\/index.php\/wp-json\/wp\/v2\/pages\/49\/revisions\/321"}],"up":[{"embeddable":true,"href":"https:\/\/polnadent.pl\/index.php\/wp-json\/wp\/v2\/pages\/5"}],"wp:featuredmedia":[{"embeddable":true,"href":"https:\/\/polnadent.pl\/index.php\/wp-json\/"}],"wp:attachment":[{"href":"https:\/\/polnadent.pl\/index.php\/wp-json\/wp\/v2\/media?parent=49"}],"curies":[{"name":"wp","href":"https:\/\/api.w.org\/{rel}","templated":true}]}}