{"id":51,"date":"2017-08-14T21:34:07","date_gmt":"2017-08-14T21:34:07","guid":{"rendered":"http:\/\/localhost\/wordpress\/?page_id=51"},"modified":"2019-09-16T07:58:54","modified_gmt":"2019-09-16T07:58:54","slug":"kontakt","status":"publish","type":"page","link":"https:\/\/polnadent.pl\/index.php\/kontakt\/","title":{"rendered":"KONTAKT"},"content":{"rendered":"<table align=\"center\">\n<tbody>\n<tr>\n<td style=\"text-transform: uppercase;\">\n<h1>Zapraszamy do naszych gabinet\u00f3w stomatologicznych polnadent<\/h1>\n<\/td>\n<\/tr>\n<tr>\n<td style=\"text-transform: uppercase; color: #56565a; font-size: 15px;\">REJESTRACJA TELEFONICZNA PN-PT  08.00 &#8211; 16.00&nbsp;<\/td>\n<\/tr>\n<tr>\n<td><a href=\"mailto:recepcja@polnadent.pl\">recepcja(a)polnadent.pl<\/a><\/p>\n<p><a href=\"tel:+48 89 535 96 37\">+48 89 535 96 37<\/a><\/p>\n<p><a href=\"tel:+48 728 81 82 89\">+48 728 81 82 89<\/a><\/td>\n<\/tr>\n<tr>\n<td><strong>Godziny pracy:<\/strong>&nbsp;<\/p>\n<table width=\"50%\" border=\"1px\" cellspacing=\"10\" cellpadding=\"10\" align=\"center\">\n<tbody>\n<tr>\n<td colspan=\"2\"><strong>DR KATARZYNA \u017b\u00d3\u0141KIEWICZ-KABA\u0106:<\/strong><\/td>\n<\/tr>\n<tr>\n<td>Poniedzia\u0142ek<\/td>\n<td><strong>13.00 &#8211; 19.00<\/strong><\/td>\n<\/tr>\n<tr>\n<td>Wtorek<\/td>\n<td><strong>08.30 &#8211; 16.00<\/strong><\/td>\n<\/tr>\n<tr>\n<td>\u015aroda<\/td>\n<td><strong>08.30 &#8211; 12.00<\/strong><\/td>\n<\/tr>\n<tr>\n<td>Czwartek<\/td>\n<td><strong>12.00 &#8211; 19.00<\/strong><\/td>\n<\/tr>\n<tr>\n<td>Pi\u0105tek<\/td>\n<td><strong>08.30 &#8211; 12.00<\/strong><\/td>\n<\/tr>\n<\/tbody>\n<\/table>\n<p>&nbsp;<\/p>\n<table width=\"50%\" border=\"1px\" cellspacing=\"10\" cellpadding=\"10\" align=\"center\">\n<tbody>\n<tr>\n<td colspan=\"2\"><strong>DR AGNIESZKA RUTKOWSKA:<\/strong><\/td>\n<\/tr>\n<tr>\n<td>Poniedzia\u0142ek<\/td>\n<td><strong>12.00 &#8211; 19.00<\/strong><\/td>\n<\/tr>\n<tr>\n<td>Wtorek<\/td>\n<td><strong>08.30 &#8211; 16.00<\/strong><\/td>\n<\/tr>\n<tr>\n<td>\u015aroda<\/td>\n<td><strong>12.00 &#8211; 19.00<\/strong><\/td>\n<\/tr>\n<tr>\n<td>Czwartek<\/td>\n<td><strong>8.30 &#8211; 16.00<\/strong><\/td>\n<\/tr>\n<tr>\n<td>Pi\u0105tek<\/td>\n<td><strong>&#8211;<\/strong><\/td>\n<\/tr>\n<\/tbody>\n<\/table>\n<p>&nbsp;<\/p>\n<table width=\"50%\" border=\"1px\" cellspacing=\"10\" cellpadding=\"10\" align=\"center\">\n<tbody>\n<tr>\n<td colspan=\"2\"><strong>DR AGATA ZIELE\u0143:<\/strong><\/td>\n<\/tr>\n<tr>\n<td>Poniedzia\u0142ek<\/td>\n<td><strong>&#8211;<\/strong><\/td>\n<\/tr>\n<tr>\n<td>Wtorek<\/td>\n<td><strong>16:30 &#8211; 21.00<\/strong><\/td>\n<\/tr>\n<tr>\n<td>\u015aroda<\/td>\n<td><strong>16:30 &#8211; 21.00<\/strong><\/td>\n<\/tr>\n<tr>\n<td>Czwartek<\/td>\n<td><strong>17.00 &#8211; 21.00<\/strong><\/td>\n<\/tr>\n<tr>\n<td>Pi\u0105tek<\/td>\n<td><strong>16.30 &#8211; 21.00<\/strong><\/td>\n<\/tr>\n<\/tbody>\n<\/table>\n<p>&nbsp;<\/p>\n<p><strong>Inne terminy po uzgodnieniu telefonicznym.&nbsp;<\/strong><\/td>\n<\/tr>\n<tr>\n<td><strong>ul. Polna 14\/1<br \/>\n10-059 Olsztyn<\/strong>&nbsp;<\/p>\n<p><a href=\"https:\/\/www.google.com\/maps\/dir\/\/53.766949,20.47123\/@53.7669289,20.4667996,16z\/data=!3m1!4b1\">Kliknij tutaj aby wyznaczy\u0107 tras\u0119 dojazdu:<\/a><\/td>\n<\/tr>\n<\/tbody>\n<\/table>\n<p><iframe loading=\"lazy\" src=\"https:\/\/mapsengine.google.com\/map\/embed?mid=zoU6ulXhw6dM.kuFXNP0OKku8\" width=\"100%\" height=\"400\"><\/iframe><\/p>\n","protected":false},"excerpt":{"rendered":"<p>Zapraszamy do naszych gabinet\u00f3w stomatologicznych polnadent REJESTRACJA TELEFONICZNA PN-PT 08.00 &#8211; 16.00&nbsp; recepcja(a)polnadent.pl +48 89 535 96 37 +48 728 81 82 89 Godziny pracy:&nbsp; DR KATARZYNA \u017b\u00d3\u0141KIEWICZ-KABA\u0106: Poniedzia\u0142ek 13.00 &#8211; 19.00 Wtorek 08.30 &#8211; 16.00 \u015aroda 08.30 &#8211; 12.00 &hellip; <a href=\"https:\/\/polnadent.pl\/index.php\/kontakt\/\">Read More<\/a><\/p>\n","protected":false},"author":1,"featured_media":0,"parent":0,"menu_order":0,"comment_status":"closed","ping_status":"closed","template":"template-blog.php","meta":{"footnotes":""},"aioseo_notices":[],"_links":{"self":[{"href":"https:\/\/polnadent.pl\/index.php\/wp-json\/wp\/v2\/pages\/51"}],"collection":[{"href":"https:\/\/polnadent.pl\/index.php\/wp-json\/wp\/v2\/pages"}],"about":[{"href":"https:\/\/polnadent.pl\/index.php\/wp-json\/wp\/v2\/types\/page"}],"author":[{"embeddable":true,"href":"https:\/\/polnadent.pl\/index.php\/wp-json\/wp\/v2\/users\/1"}],"replies":[{"embeddable":true,"href":"https:\/\/polnadent.pl\/index.php\/wp-json\/wp\/v2\/comments?post=51"}],"version-history":[{"count":26,"href":"https:\/\/polnadent.pl\/index.php\/wp-json\/wp\/v2\/pages\/51\/revisions"}],"predecessor-version":[{"id":900,"href":"https:\/\/polnadent.pl\/index.php\/wp-json\/wp\/v2\/pages\/51\/revisions\/900"}],"wp:attachment":[{"href":"https:\/\/polnadent.pl\/index.php\/wp-json\/wp\/v2\/media?parent=51"}],"curies":[{"name":"wp","href":"https:\/\/api.w.org\/{rel}","templated":true}]}}